{"id":14,"date":"2016-09-23T00:35:53","date_gmt":"2016-09-22T22:35:53","guid":{"rendered":"http:\/\/localhost\/wordpress\/?page_id=14"},"modified":"2018-11-27T18:56:47","modified_gmt":"2018-11-27T17:56:47","slug":"leistungen","status":"publish","type":"page","link":"https:\/\/team-holzwerk.de\/index.php\/leistungen\/","title":{"rendered":"Leistungen"},"content":{"rendered":"<div class=\"accordion\" id=\"accordion\">\n<div class=\"row\">\n<div class=\"col-md-6\">\n<div class=\"card\">\n<div class=\"card-header\" id=\"headingOne\">\n<button class=\"btn-link\" type=\"button\" data-toggle=\"collapse\" data-target=\"#collapseOne\" aria-expanded=\"true\" aria-controls=\"collapseOne\"><\/p>\n<h4>Individuelle Qualit\u00e4tsm\u00f6bel nach Ma\u00df<\/h4>\n<p><\/button>\n<\/div>\n<div id=\"collapseOne\" class=\"collapse show\" aria-labelledby=\"headingOne\" data-parent=\"#accordion\">\n<div class=\"card-body\">\nW\u00e4hlen Sie aus einer Vielzahl von Dekoren, Furnieren und Massivh\u00f6lzern f\u00fcr Ihr pers\u00f6nliches M\u00f6belst\u00fcck.<\/p>\n<ul>\n<li>Einbauschr\u00e4nke mit individuellem Innenleben f\u00fcr\n<ul>\n<li>Dachschr\u00e4gen\n<li>Raumecken\n<li>Nischen\n<\/ul>\n<li>(Begehbare) Kleiderschr\u00e4nke<br \/>\noptional mit Gleitt\u00fcren<\/p>\n<li>K\u00fcchen\n<li>Kommoden, Sideboards\n<li>Waschtische, M\u00f6bel f\u00fcr den Sanit\u00e4rbereich\n<li>B\u00fcrom\u00f6bel\n<li>Garderoben\n<li>Regalsysteme\n<li>Tische aus Holz<br \/>\nauch in Kombination mit Glaselementen und\/oder Edelstahl<\/p>\n<li>Betten<br \/>\nauch ohne Metallverschraubung<\/p>\n<li>sonstige Massivholzm\u00f6bel\n<\/ul>\n<\/div>\n<\/div>\n<\/div>\n<div class=\"card\">\n<div class=\"card-header\" id=\"headingTwo\">\n<button class=\"btn-link collapsed\" type=\"button\" data-toggle=\"collapse\" data-target=\"#collapseTwo\" aria-expanded=\"false\" aria-controls=\"collapseTwo\"><\/p>\n<h4>T\u00fcren<\/h4>\n<p><\/button>\n<\/div>\n<div id=\"collapseTwo\" class=\"collapse\" aria-labelledby=\"headingTwo\" data-parent=\"#accordion\">\n<div class=\"card-body\">\nin Echtholzfurnier, lackiert, Dekor, Glaseinsatz, Glas (nach Wunsch mit Laseraufdruck)<\/p>\n<ul>\n<li>Raumhohe Schiebet\u00fcren, z.B. als Raumtrenner\n<li>Zimmert\u00fcren\n<li>Schiebet\u00fcren\n<li>Glast\u00fcren\n<li>Schallschutz, Brandschutz\n<li>Haust\u00fcren<br \/>\nBeidseitig individuell gestaltet aus Kunststoff, Holz und\/oder Aluminium mit Brand-, Schall-, Einbruchschutz, Energieeffizienz<\/p>\n<ul>\n<li>Glaselementen\n<li>E-\u00d6ffner \/ Fingerprint\n<li>Griffe und Dr\u00fcckergarnituren aus Edelstahl (-optik), Holz, Kunststoff\n<\/ul>\n<\/ul>\n<\/div>\n<\/div>\n<\/div>\n<div class=\"card\">\n<div class=\"card-header\" id=\"headingThree\">\n<button class=\"btn-link collapsed\" type=\"button\" data-toggle=\"collapse\" data-target=\"#collapseThree\" aria-expanded=\"false\" aria-controls=\"collapseThree\"><\/p>\n<h4>Fenster<\/h4>\n<p><\/button>\n<\/div>\n<div id=\"collapseThree\" class=\"collapse\" aria-labelledby=\"headingThree\" data-parent=\"#accordion\">\n<div class=\"card-body\">\nf\u00fcr Altbausanierungen, Neubau oder Umbau.<br \/>\nBeidseitig individuell gestalten aus Kunststoff, Holz und\/oder Aluminium <\/p>\n<ul>\n<li>Einbruchsicher\n<li>Schallschutz\n<li>Energieeffizient\n<\/ul>\n<\/div>\n<\/div>\n<\/div>\n<div class=\"card\">\n<div class=\"card-header\" id=\"headingFive\">\n<button class=\"btn-link collapsed\" type=\"button\" data-toggle=\"collapse\" data-target=\"#collapseFive\" aria-expanded=\"false\" aria-controls=\"collapseFive\"><\/p>\n<h4>Bodenbel\u00e4ge<\/h4>\n<p><\/button>\n<\/div>\n<div id=\"collapseFive\" class=\"collapse\" aria-labelledby=\"headingFive\" data-parent=\"#accordion\">\n<div class=\"card-body\">\nfachgerecht nivelliert und verlegt<\/p>\n<ul>\n<li>Dielen ge\u00f6lt, geb\u00fcrstet, gekalkt, get\u00f6nt, &#8230;\n<li>Parkett\n<li>Designboden (PVC-frei)\n<li>Laminat\n<li>Vinylbelag\n<\/ul>\n<\/div>\n<\/div>\n<\/div>\n<\/div>\n<div class=\"col-md-6\">\n<div class=\"card\">\n<div class=\"card-header\" id=\"headingSix\">\n<button class=\"btn-link collapsed\" type=\"button\" data-toggle=\"collapse\" data-target=\"#collapseSix\" aria-expanded=\"false\" aria-controls=\"collapseSix\"><\/p>\n<h4>Treppen<\/h4>\n<p><\/button>\n<\/div>\n<div id=\"collapseSix\" class=\"collapse\" aria-labelledby=\"headingSix\" data-parent=\"#accordion\">\n<div class=\"card-body\">\n<ul>\n<li>mit Handlauf \/ Gel\u00e4nder\n<li>Einbauschr\u00e4nken mit Treppenaufgang\n<\/ul>\n<\/div>\n<\/div>\n<\/div>\n<div class=\"card\">\n<div class=\"card-header\" id=\"headingFour\">\n<button class=\"btn-link collapsed\" type=\"button\" data-toggle=\"collapse\" data-target=\"#collapseFour\" aria-expanded=\"false\" aria-controls=\"collapseFour\"><\/p>\n<h4>Terassen und Sichtschutz<\/h4>\n<p><\/button>\n<\/div>\n<div id=\"collapseFour\" class=\"collapse\" aria-labelledby=\"headingFour\" data-parent=\"#accordion\">\n<div class=\"card-body\">\n<ul>\n<li>Echtholz\n<li>Edelh\u00f6lzern\n<li>Holz-Kunststoff\n<\/ul>\n<\/div>\n<\/div>\n<\/div>\n<div class=\"card\">\n<div class=\"card-header\" id=\"headingSeven\">\n<button class=\"btn-link collapsed\" type=\"button\" data-toggle=\"collapse\" data-target=\"#collapseSeven\" aria-expanded=\"false\" aria-controls=\"collapseSeven\"><\/p>\n<h4>Messebau<\/h4>\n<p><\/button>\n<\/div>\n<\/div>\n<div class=\"card\">\n<div class=\"card-header\" id=\"headingEight\">\n<button class=\"btn-link collapsed\" type=\"button\" data-toggle=\"collapse\" data-target=\"#collapseEight\" aria-expanded=\"false\" aria-controls=\"collapseEight\"><\/p>\n<h4>Trockenbau \/ Trennw\u00e4nde<\/h4>\n<p><\/button>\n<\/div>\n<\/div>\n<\/div>\n<\/div>\n<\/div>\n<hr\/>\n<h3>Partner<\/h3>\n<div class=\"row\">\n<div class=\"col-md-6\">\n<img decoding=\"async\" loading=\"lazy\" class=\"aligncenter wp-image-125 size-full\" src=\"http:\/\/team-holzwerk.de\/wp-content\/uploads\/2016\/09\/invardo.png\" width=\"300\" height=\"122\" \/><\/div>\n<div class=\"col-md-6\">\n<a href=\"http:\/\/www.pax.de\/\"><img decoding=\"async\" loading=\"lazy\" src=\"http:\/\/team-holzwerk.de\/wp-content\/uploads\/2016\/09\/PaX_Logo_NEU_WEB_170_Pixel_RGB.png\" alt=\"\" width=\"170\" height=\"162\" class=\"aligncenter size-full wp-image-140\" \/><\/a><\/div>\n<\/div>\n","protected":false},"excerpt":{"rendered":"<p>Individuelle Qualit\u00e4tsm\u00f6bel nach Ma\u00df W\u00e4hlen Sie aus einer Vielzahl von Dekoren, Furnieren und Massivh\u00f6lzern f\u00fcr Ihr pers\u00f6nliches M\u00f6belst\u00fcck. Einbauschr\u00e4nke mit individuellem Innenleben f\u00fcr Dachschr\u00e4gen Raumecken Nischen (Begehbare) Kleiderschr\u00e4nke optional mit &#8230;<\/p>\n","protected":false},"author":1,"featured_media":0,"parent":0,"menu_order":0,"comment_status":"closed","ping_status":"closed","template":"template-fullwidth.php","meta":[],"_links":{"self":[{"href":"https:\/\/team-holzwerk.de\/index.php\/wp-json\/wp\/v2\/pages\/14"}],"collection":[{"href":"https:\/\/team-holzwerk.de\/index.php\/wp-json\/wp\/v2\/pages"}],"about":[{"href":"https:\/\/team-holzwerk.de\/index.php\/wp-json\/wp\/v2\/types\/page"}],"author":[{"embeddable":true,"href":"https:\/\/team-holzwerk.de\/index.php\/wp-json\/wp\/v2\/users\/1"}],"replies":[{"embeddable":true,"href":"https:\/\/team-holzwerk.de\/index.php\/wp-json\/wp\/v2\/comments?post=14"}],"version-history":[{"count":21,"href":"https:\/\/team-holzwerk.de\/index.php\/wp-json\/wp\/v2\/pages\/14\/revisions"}],"predecessor-version":[{"id":311,"href":"https:\/\/team-holzwerk.de\/index.php\/wp-json\/wp\/v2\/pages\/14\/revisions\/311"}],"wp:attachment":[{"href":"https:\/\/team-holzwerk.de\/index.php\/wp-json\/wp\/v2\/media?parent=14"}],"curies":[{"name":"wp","href":"https:\/\/api.w.org\/{rel}","templated":true}]}}